{"id":163,"date":"2024-10-15T16:16:22","date_gmt":"2024-10-15T14:16:22","guid":{"rendered":"https:\/\/afiakwawote.org\/home\/?page_id=163"},"modified":"2024-10-15T16:24:04","modified_gmt":"2024-10-15T14:24:04","slug":"mobile-banking","status":"publish","type":"page","link":"https:\/\/afiakwawote.org\/home\/mobile-banking\/","title":{"rendered":"mobile banking"},"content":{"rendered":"\t\t<div data-elementor-type=\"wp-page\" data-elementor-id=\"163\" class=\"elementor elementor-163\" data-elementor-post-type=\"page\">\n\t\t\t\t\t\t<section class=\"elementor-section elementor-top-section elementor-element elementor-element-52c1545 elementor-section-stretched elementor-section-boxed elementor-section-height-default elementor-section-height-default\" data-id=\"52c1545\" data-element_type=\"section\" data-e-type=\"section\" data-settings=\"{&quot;stretch_section&quot;:&quot;section-stretched&quot;,&quot;background_background&quot;:&quot;classic&quot;}\">\n\t\t\t\t\t\t<div class=\"elementor-container elementor-column-gap-default\">\n\t\t\t\t\t<div class=\"elementor-column elementor-col-50 elementor-top-column elementor-element elementor-element-dc1b34b\" data-id=\"dc1b34b\" data-element_type=\"column\" data-e-type=\"column\">\n\t\t\t<div class=\"elementor-widget-wrap elementor-element-populated\">\n\t\t\t\t\t\t<div class=\"elementor-element elementor-element-51ca63b animated-slow elementor-align-center elementor-invisible elementor-widget elementor-widget-lottie\" data-id=\"51ca63b\" data-element_type=\"widget\" data-e-type=\"widget\" data-settings=\"{&quot;loop&quot;:&quot;yes&quot;,&quot;_animation&quot;:&quot;zoomInRight&quot;,&quot;source_json&quot;:{&quot;url&quot;:&quot;https:\\\/\\\/afiakwawote.org\\\/home\\\/wp-content\\\/uploads\\\/2024\\\/10\\\/lf30_editor_IthZIO.json&quot;,&quot;id&quot;:180,&quot;size&quot;:&quot;&quot;},&quot;start_point&quot;:{&quot;unit&quot;:&quot;%&quot;,&quot;size&quot;:&quot;0&quot;,&quot;sizes&quot;:[]},&quot;end_point&quot;:{&quot;unit&quot;:&quot;%&quot;,&quot;size&quot;:&quot;100&quot;,&quot;sizes&quot;:[]},&quot;source&quot;:&quot;media_file&quot;,&quot;caption_source&quot;:&quot;none&quot;,&quot;link_to&quot;:&quot;none&quot;,&quot;trigger&quot;:&quot;arriving_to_viewport&quot;,&quot;viewport&quot;:{&quot;unit&quot;:&quot;%&quot;,&quot;size&quot;:&quot;&quot;,&quot;sizes&quot;:{&quot;start&quot;:0,&quot;end&quot;:100}},&quot;play_speed&quot;:{&quot;unit&quot;:&quot;px&quot;,&quot;size&quot;:1,&quot;sizes&quot;:[]},&quot;renderer&quot;:&quot;svg&quot;}\" data-widget_type=\"lottie.default\">\n\t\t\t\t<div class=\"elementor-widget-container\">\n\t\t\t\t\t<div class=\"e-lottie__container\"><div class=\"e-lottie__animation\"><\/div><\/div>\t\t\t\t<\/div>\n\t\t\t\t<\/div>\n\t\t\t\t\t<\/div>\n\t\t<\/div>\n\t\t\t\t<div class=\"elementor-column elementor-col-50 elementor-top-column elementor-element elementor-element-89d1e20\" data-id=\"89d1e20\" data-element_type=\"column\" data-e-type=\"column\">\n\t\t\t<div class=\"elementor-widget-wrap elementor-element-populated\">\n\t\t\t\t\t\t<div class=\"elementor-element elementor-element-f861404 elementor-widget-divider--view-line_text elementor-widget-divider--element-align-center elementor-widget elementor-widget-divider\" data-id=\"f861404\" data-element_type=\"widget\" data-e-type=\"widget\" data-widget_type=\"divider.default\">\n\t\t\t\t<div class=\"elementor-widget-container\">\n\t\t\t\t\t\t\t<div class=\"elementor-divider\">\n\t\t\t<span class=\"elementor-divider-separator\">\n\t\t\t\t\t\t\t<span class=\"elementor-divider__text elementor-divider__element\">\n\t\t\t\tFaire un don via M-PESA\t\t\t\t<\/span>\n\t\t\t\t\t\t<\/span>\n\t\t<\/div>\n\t\t\t\t\t\t<\/div>\n\t\t\t\t<\/div>\n\t\t\t\t<div class=\"elementor-element elementor-element-e34a072 animated-slow elementor-invisible elementor-widget elementor-widget-text-editor\" data-id=\"e34a072\" data-element_type=\"widget\" data-e-type=\"widget\" data-settings=\"{&quot;_animation&quot;:&quot;fadeInUp&quot;,&quot;_animation_delay&quot;:400}\" data-widget_type=\"text-editor.default\">\n\t\t\t\t<div class=\"elementor-widget-container\">\n\t\t\t\t\t\t\t\t\t<p>Effectuez un d\u00e9p\u00f4t sur ce num\u00e9ro <strong style=\"color: #5a5a5a;\">+243 812 509 145 <\/strong><br \/>via M-Pesa pour effectuer un don.<\/p>\t\t\t\t\t\t\t\t<\/div>\n\t\t\t\t<\/div>\n\t\t\t\t\t<\/div>\n\t\t<\/div>\n\t\t\t\t\t<\/div>\n\t\t<\/section>\n\t\t\t\t<\/div>\n\t\t","protected":false},"excerpt":{"rendered":"<p>Faire un don via M-PESA Effectuez un d\u00e9p\u00f4t sur ce num\u00e9ro +243 812 509 145 via M-Pesa pour effectuer un don.<\/p>\n","protected":false},"author":1,"featured_media":0,"parent":0,"menu_order":0,"comment_status":"closed","ping_status":"closed","template":"","meta":{"footnotes":""},"class_list":["post-163","page","type-page","status-publish","hentry"],"_links":{"self":[{"href":"https:\/\/afiakwawote.org\/home\/wp-json\/wp\/v2\/pages\/163"}],"collection":[{"href":"https:\/\/afiakwawote.org\/home\/wp-json\/wp\/v2\/pages"}],"about":[{"href":"https:\/\/afiakwawote.org\/home\/wp-json\/wp\/v2\/types\/page"}],"author":[{"embeddable":true,"href":"https:\/\/afiakwawote.org\/home\/wp-json\/wp\/v2\/users\/1"}],"replies":[{"embeddable":true,"href":"https:\/\/afiakwawote.org\/home\/wp-json\/wp\/v2\/comments?post=163"}],"version-history":[{"count":4,"href":"https:\/\/afiakwawote.org\/home\/wp-json\/wp\/v2\/pages\/163\/revisions"}],"predecessor-version":[{"id":187,"href":"https:\/\/afiakwawote.org\/home\/wp-json\/wp\/v2\/pages\/163\/revisions\/187"}],"wp:attachment":[{"href":"https:\/\/afiakwawote.org\/home\/wp-json\/wp\/v2\/media?parent=163"}],"curies":[{"name":"wp","href":"https:\/\/api.w.org\/{rel}","templated":true}]}}