{"id":39,"date":"2024-10-15T11:52:45","date_gmt":"2024-10-15T09:52:45","guid":{"rendered":"https:\/\/afiakwawote.org\/home\/?page_id=39"},"modified":"2024-10-17T10:40:31","modified_gmt":"2024-10-17T08:40:31","slug":"medias","status":"publish","type":"page","link":"https:\/\/afiakwawote.org\/home\/medias\/","title":{"rendered":"MEDIAS"},"content":{"rendered":"\t\t<div data-elementor-type=\"wp-page\" data-elementor-id=\"39\" class=\"elementor elementor-39\" data-elementor-post-type=\"page\">\n\t\t\t\t\t\t<section class=\"elementor-section elementor-top-section elementor-element elementor-element-eec3e8d elementor-section-stretched elementor-section-boxed elementor-section-height-default elementor-section-height-default\" data-id=\"eec3e8d\" data-element_type=\"section\" data-e-type=\"section\" data-settings=\"{&quot;stretch_section&quot;:&quot;section-stretched&quot;,&quot;background_background&quot;:&quot;classic&quot;}\">\n\t\t\t\t\t\t<div class=\"elementor-container elementor-column-gap-default\">\n\t\t\t\t\t<div class=\"elementor-column elementor-col-100 elementor-top-column elementor-element elementor-element-81a429a\" data-id=\"81a429a\" data-element_type=\"column\" data-e-type=\"column\">\n\t\t\t<div class=\"elementor-widget-wrap elementor-element-populated\">\n\t\t\t\t\t\t<div class=\"elementor-element elementor-element-75ff644 elementor-widget-divider--view-line_text animated-slow elementor-widget-divider--element-align-center elementor-invisible elementor-widget elementor-widget-divider\" data-id=\"75ff644\" data-element_type=\"widget\" data-e-type=\"widget\" data-settings=\"{&quot;_animation&quot;:&quot;fadeInUp&quot;}\" data-widget_type=\"divider.default\">\n\t\t\t\t<div class=\"elementor-widget-container\">\n\t\t\t\t\t\t\t<div class=\"elementor-divider\">\n\t\t\t<span class=\"elementor-divider-separator\">\n\t\t\t\t\t\t\t<span class=\"elementor-divider__text elementor-divider__element\">\n\t\t\t\tAfia Kwa Wote en action\t\t\t\t<\/span>\n\t\t\t\t\t\t<\/span>\n\t\t<\/div>\n\t\t\t\t\t\t<\/div>\n\t\t\t\t<\/div>\n\t\t\t\t\t<\/div>\n\t\t<\/div>\n\t\t\t\t\t<\/div>\n\t\t<\/section>\n\t\t\t\t<section class=\"elementor-section elementor-top-section elementor-element elementor-element-bf24098 elementor-section-stretched elementor-section-boxed elementor-section-height-default elementor-section-height-default\" data-id=\"bf24098\" data-element_type=\"section\" data-e-type=\"section\" data-settings=\"{&quot;stretch_section&quot;:&quot;section-stretched&quot;,&quot;background_background&quot;:&quot;classic&quot;}\">\n\t\t\t\t\t\t<div class=\"elementor-container elementor-column-gap-default\">\n\t\t\t\t\t<div class=\"elementor-column elementor-col-33 elementor-top-column elementor-element elementor-element-5a0f632 animated-slow elementor-invisible\" data-id=\"5a0f632\" data-element_type=\"column\" data-e-type=\"column\" data-settings=\"{&quot;background_background&quot;:&quot;classic&quot;,&quot;animation&quot;:&quot;fadeInUp&quot;}\">\n\t\t\t<div class=\"elementor-widget-wrap elementor-element-populated\">\n\t\t\t\t\t\t<div class=\"elementor-element elementor-element-afc4269 elementor-widget elementor-widget-image\" data-id=\"afc4269\" data-element_type=\"widget\" data-e-type=\"widget\" data-widget_type=\"image.default\">\n\t\t\t\t<div class=\"elementor-widget-container\">\n\t\t\t\t\t\t\t\t\t\t\t\t\t\t\t\t<a href=\"https:\/\/drive.google.com\/drive\/folders\/1uefzojneMVV0fm69-GCl_qDEmK2n0gjD\">\n\t\t\t\t\t\t\t<img fetchpriority=\"high\" decoding=\"async\" width=\"800\" height=\"800\" src=\"https:\/\/afiakwawote.org\/home\/wp-content\/uploads\/2024\/10\/2-1.png\" class=\"attachment-large size-large wp-image-254\" alt=\"\" srcset=\"https:\/\/afiakwawote.org\/home\/wp-content\/uploads\/2024\/10\/2-1.png 800w, https:\/\/afiakwawote.org\/home\/wp-content\/uploads\/2024\/10\/2-1-300x300.png 300w, https:\/\/afiakwawote.org\/home\/wp-content\/uploads\/2024\/10\/2-1-80x80.png 80w, https:\/\/afiakwawote.org\/home\/wp-content\/uploads\/2024\/10\/2-1-768x768.png 768w, https:\/\/afiakwawote.org\/home\/wp-content\/uploads\/2024\/10\/2-1-36x36.png 36w, https:\/\/afiakwawote.org\/home\/wp-content\/uploads\/2024\/10\/2-1-180x180.png 180w, https:\/\/afiakwawote.org\/home\/wp-content\/uploads\/2024\/10\/2-1-705x705.png 705w\" sizes=\"(max-width: 800px) 100vw, 800px\" \/>\t\t\t\t\t\t\t\t<\/a>\n\t\t\t\t\t\t\t\t\t\t\t\t\t\t\t<\/div>\n\t\t\t\t<\/div>\n\t\t\t\t<div class=\"elementor-element elementor-element-571e574 elementor-widget elementor-widget-heading\" data-id=\"571e574\" data-element_type=\"widget\" data-e-type=\"widget\" data-widget_type=\"heading.default\">\n\t\t\t\t<div class=\"elementor-widget-container\">\n\t\t\t\t\t<h2 class=\"elementor-heading-title elementor-size-default\"><a href=\"https:\/\/drive.google.com\/drive\/folders\/1uefzojneMVV0fm69-GCl_qDEmK2n0gjD\">Afia Kwa Wote <br>\u00e0 Kasavubu<\/a><\/h2>\t\t\t\t<\/div>\n\t\t\t\t<\/div>\n\t\t\t\t<div class=\"elementor-element elementor-element-09efbbe elementor-widget elementor-widget-heading\" data-id=\"09efbbe\" data-element_type=\"widget\" data-e-type=\"widget\" data-widget_type=\"heading.default\">\n\t\t\t\t<div class=\"elementor-widget-container\">\n\t\t\t\t\t<h2 class=\"elementor-heading-title elementor-size-default\"><a href=\"https:\/\/afiakwawote.org\/galerie-1\/\">Visite des orphelins pour une<br> prise en charge sanitaire<\/a><\/h2>\t\t\t\t<\/div>\n\t\t\t\t<\/div>\n\t\t\t\t\t<\/div>\n\t\t<\/div>\n\t\t\t\t<div class=\"elementor-column elementor-col-33 elementor-top-column elementor-element elementor-element-9c89dd8 animated-slow elementor-invisible\" data-id=\"9c89dd8\" data-element_type=\"column\" data-e-type=\"column\" data-settings=\"{&quot;background_background&quot;:&quot;classic&quot;,&quot;animation&quot;:&quot;fadeInUp&quot;,&quot;animation_delay&quot;:200}\">\n\t\t\t<div class=\"elementor-widget-wrap elementor-element-populated\">\n\t\t\t\t\t\t<div class=\"elementor-element elementor-element-682fc3f elementor-widget elementor-widget-image\" data-id=\"682fc3f\" data-element_type=\"widget\" data-e-type=\"widget\" data-widget_type=\"image.default\">\n\t\t\t\t<div class=\"elementor-widget-container\">\n\t\t\t\t\t\t\t\t\t\t\t\t\t\t\t\t<a href=\"https:\/\/drive.google.com\/drive\/folders\/1zlV7w2yRNhG2xERsyOVc9kxWPNQ6Uwi4\">\n\t\t\t\t\t\t\t<img decoding=\"async\" width=\"800\" height=\"800\" src=\"https:\/\/afiakwawote.org\/home\/wp-content\/uploads\/2024\/10\/1-1.png\" class=\"attachment-large size-large wp-image-253\" alt=\"\" srcset=\"https:\/\/afiakwawote.org\/home\/wp-content\/uploads\/2024\/10\/1-1.png 800w, https:\/\/afiakwawote.org\/home\/wp-content\/uploads\/2024\/10\/1-1-300x300.png 300w, https:\/\/afiakwawote.org\/home\/wp-content\/uploads\/2024\/10\/1-1-80x80.png 80w, https:\/\/afiakwawote.org\/home\/wp-content\/uploads\/2024\/10\/1-1-768x768.png 768w, https:\/\/afiakwawote.org\/home\/wp-content\/uploads\/2024\/10\/1-1-36x36.png 36w, https:\/\/afiakwawote.org\/home\/wp-content\/uploads\/2024\/10\/1-1-180x180.png 180w, https:\/\/afiakwawote.org\/home\/wp-content\/uploads\/2024\/10\/1-1-705x705.png 705w\" sizes=\"(max-width: 800px) 100vw, 800px\" \/>\t\t\t\t\t\t\t\t<\/a>\n\t\t\t\t\t\t\t\t\t\t\t\t\t\t\t<\/div>\n\t\t\t\t<\/div>\n\t\t\t\t<div class=\"elementor-element elementor-element-9328e0c elementor-widget elementor-widget-heading\" data-id=\"9328e0c\" data-element_type=\"widget\" data-e-type=\"widget\" data-widget_type=\"heading.default\">\n\t\t\t\t<div class=\"elementor-widget-container\">\n\t\t\t\t\t<h2 class=\"elementor-heading-title elementor-size-default\"><a href=\"https:\/\/drive.google.com\/drive\/folders\/1zlV7w2yRNhG2xERsyOVc9kxWPNQ6Uwi4\">Afia Kwa Wote <br>\u00e0 Lizadel<\/a><\/h2>\t\t\t\t<\/div>\n\t\t\t\t<\/div>\n\t\t\t\t<div class=\"elementor-element elementor-element-1bca4dc elementor-widget elementor-widget-heading\" data-id=\"1bca4dc\" data-element_type=\"widget\" data-e-type=\"widget\" data-widget_type=\"heading.default\">\n\t\t\t\t<div class=\"elementor-widget-container\">\n\t\t\t\t\t<h2 class=\"elementor-heading-title elementor-size-default\"><a href=\"https:\/\/afiakwawote.org\/galerie-2\/\">Visite \u00e0 l'O.N.G.\/D.H. Lizabel <br>Home Roger Moerenhout <\/a><\/h2>\t\t\t\t<\/div>\n\t\t\t\t<\/div>\n\t\t\t\t\t<\/div>\n\t\t<\/div>\n\t\t\t\t<div class=\"elementor-column elementor-col-33 elementor-top-column elementor-element elementor-element-1dc0a92 animated-slow elementor-invisible\" data-id=\"1dc0a92\" data-element_type=\"column\" data-e-type=\"column\" data-settings=\"{&quot;background_background&quot;:&quot;classic&quot;,&quot;animation&quot;:&quot;fadeInUp&quot;,&quot;animation_delay&quot;:400}\">\n\t\t\t<div class=\"elementor-widget-wrap elementor-element-populated\">\n\t\t\t\t\t\t<div class=\"elementor-element elementor-element-dbf51bb elementor-widget elementor-widget-image\" data-id=\"dbf51bb\" data-element_type=\"widget\" data-e-type=\"widget\" data-widget_type=\"image.default\">\n\t\t\t\t<div class=\"elementor-widget-container\">\n\t\t\t\t\t\t\t\t\t\t\t\t\t\t\t\t<a href=\"https:\/\/drive.google.com\/drive\/folders\/1e7DA6v01lH3E-gGvVVKkByoih3zDAR1I\">\n\t\t\t\t\t\t\t<img decoding=\"async\" width=\"800\" height=\"800\" src=\"https:\/\/afiakwawote.org\/home\/wp-content\/uploads\/2024\/10\/3.png\" class=\"attachment-large size-large wp-image-255\" alt=\"\" srcset=\"https:\/\/afiakwawote.org\/home\/wp-content\/uploads\/2024\/10\/3.png 800w, https:\/\/afiakwawote.org\/home\/wp-content\/uploads\/2024\/10\/3-300x300.png 300w, https:\/\/afiakwawote.org\/home\/wp-content\/uploads\/2024\/10\/3-80x80.png 80w, https:\/\/afiakwawote.org\/home\/wp-content\/uploads\/2024\/10\/3-768x768.png 768w, https:\/\/afiakwawote.org\/home\/wp-content\/uploads\/2024\/10\/3-36x36.png 36w, https:\/\/afiakwawote.org\/home\/wp-content\/uploads\/2024\/10\/3-180x180.png 180w, https:\/\/afiakwawote.org\/home\/wp-content\/uploads\/2024\/10\/3-705x705.png 705w\" sizes=\"(max-width: 800px) 100vw, 800px\" \/>\t\t\t\t\t\t\t\t<\/a>\n\t\t\t\t\t\t\t\t\t\t\t\t\t\t\t<\/div>\n\t\t\t\t<\/div>\n\t\t\t\t<div class=\"elementor-element elementor-element-1632e1a elementor-widget elementor-widget-heading\" data-id=\"1632e1a\" data-element_type=\"widget\" data-e-type=\"widget\" data-widget_type=\"heading.default\">\n\t\t\t\t<div class=\"elementor-widget-container\">\n\t\t\t\t\t<h2 class=\"elementor-heading-title elementor-size-default\"><a href=\"https:\/\/drive.google.com\/drive\/folders\/1e7DA6v01lH3E-gGvVVKkByoih3zDAR1I\">Afia Kwa Wote <br>\u00e0 Maluku<\/a><\/h2>\t\t\t\t<\/div>\n\t\t\t\t<\/div>\n\t\t\t\t<div class=\"elementor-element elementor-element-38b433e elementor-widget elementor-widget-heading\" data-id=\"38b433e\" data-element_type=\"widget\" data-e-type=\"widget\" data-widget_type=\"heading.default\">\n\t\t\t\t<div class=\"elementor-widget-container\">\n\t\t\t\t\t<h2 class=\"elementor-heading-title elementor-size-default\"><a href=\"https:\/\/afiakwawote.org\/galerie-3\/\">Visite pour la prise en charge<br> sanitaire des orphelins<\/a><\/h2>\t\t\t\t<\/div>\n\t\t\t\t<\/div>\n\t\t\t\t\t<\/div>\n\t\t<\/div>\n\t\t\t\t\t<\/div>\n\t\t<\/section>\n\t\t\t\t<section class=\"elementor-section elementor-top-section elementor-element elementor-element-1cfb898 elementor-section-stretched elementor-section-boxed elementor-section-height-default elementor-section-height-default\" data-id=\"1cfb898\" data-element_type=\"section\" data-e-type=\"section\" data-settings=\"{&quot;background_background&quot;:&quot;classic&quot;,&quot;stretch_section&quot;:&quot;section-stretched&quot;}\">\n\t\t\t\t\t\t<div class=\"elementor-container elementor-column-gap-default\">\n\t\t\t\t\t<div class=\"elementor-column elementor-col-33 elementor-top-column elementor-element elementor-element-430dd97 animated-slow elementor-invisible\" data-id=\"430dd97\" data-element_type=\"column\" data-e-type=\"column\" data-settings=\"{&quot;background_background&quot;:&quot;classic&quot;,&quot;animation&quot;:&quot;fadeInUp&quot;}\">\n\t\t\t<div class=\"elementor-widget-wrap elementor-element-populated\">\n\t\t\t\t\t\t<div class=\"elementor-element elementor-element-93097b9 elementor-widget elementor-widget-image\" data-id=\"93097b9\" data-element_type=\"widget\" data-e-type=\"widget\" data-widget_type=\"image.default\">\n\t\t\t\t<div class=\"elementor-widget-container\">\n\t\t\t\t\t\t\t\t\t\t\t\t\t\t\t\t<a href=\"https:\/\/drive.google.com\/drive\/folders\/1c2KfCrOeXJ7GDdxt_WNefqWNHsyug72m\">\n\t\t\t\t\t\t\t<img loading=\"lazy\" decoding=\"async\" width=\"800\" height=\"800\" src=\"https:\/\/afiakwawote.org\/home\/wp-content\/uploads\/2024\/10\/4.png\" class=\"attachment-large size-large wp-image-256\" alt=\"\" srcset=\"https:\/\/afiakwawote.org\/home\/wp-content\/uploads\/2024\/10\/4.png 800w, https:\/\/afiakwawote.org\/home\/wp-content\/uploads\/2024\/10\/4-300x300.png 300w, https:\/\/afiakwawote.org\/home\/wp-content\/uploads\/2024\/10\/4-80x80.png 80w, https:\/\/afiakwawote.org\/home\/wp-content\/uploads\/2024\/10\/4-768x768.png 768w, https:\/\/afiakwawote.org\/home\/wp-content\/uploads\/2024\/10\/4-36x36.png 36w, https:\/\/afiakwawote.org\/home\/wp-content\/uploads\/2024\/10\/4-180x180.png 180w, https:\/\/afiakwawote.org\/home\/wp-content\/uploads\/2024\/10\/4-705x705.png 705w\" sizes=\"(max-width: 800px) 100vw, 800px\" \/>\t\t\t\t\t\t\t\t<\/a>\n\t\t\t\t\t\t\t\t\t\t\t\t\t\t\t<\/div>\n\t\t\t\t<\/div>\n\t\t\t\t<div class=\"elementor-element elementor-element-d589a20 elementor-widget elementor-widget-heading\" data-id=\"d589a20\" data-element_type=\"widget\" data-e-type=\"widget\" data-widget_type=\"heading.default\">\n\t\t\t\t<div class=\"elementor-widget-container\">\n\t\t\t\t\t<h2 class=\"elementor-heading-title elementor-size-default\"><a href=\"https:\/\/drive.google.com\/drive\/folders\/1c2KfCrOeXJ7GDdxt_WNefqWNHsyug72m\">Afia Kwa Wote <br>\u00e0 Cemapar<\/a><\/h2>\t\t\t\t<\/div>\n\t\t\t\t<\/div>\n\t\t\t\t<div class=\"elementor-element elementor-element-cf8c1b1 elementor-widget elementor-widget-heading\" data-id=\"cf8c1b1\" data-element_type=\"widget\" data-e-type=\"widget\" data-widget_type=\"heading.default\">\n\t\t\t\t<div class=\"elementor-widget-container\">\n\t\t\t\t\t<h2 class=\"elementor-heading-title elementor-size-default\"><a href=\"https:\/\/afiakwawote.org\/galerie-4\/\">Visite des orphelins pour une<br> prise en charge sanitaire<\/a><\/h2>\t\t\t\t<\/div>\n\t\t\t\t<\/div>\n\t\t\t\t\t<\/div>\n\t\t<\/div>\n\t\t\t\t<div class=\"elementor-column elementor-col-33 elementor-top-column elementor-element elementor-element-2508747 animated-slow elementor-invisible\" data-id=\"2508747\" data-element_type=\"column\" data-e-type=\"column\" data-settings=\"{&quot;background_background&quot;:&quot;classic&quot;,&quot;animation&quot;:&quot;fadeInUp&quot;}\">\n\t\t\t<div class=\"elementor-widget-wrap elementor-element-populated\">\n\t\t\t\t\t\t<div class=\"elementor-element elementor-element-868b7cd elementor-widget elementor-widget-image\" data-id=\"868b7cd\" data-element_type=\"widget\" data-e-type=\"widget\" data-widget_type=\"image.default\">\n\t\t\t\t<div class=\"elementor-widget-container\">\n\t\t\t\t\t\t\t\t\t\t\t\t\t\t\t\t<a href=\"https:\/\/drive.google.com\/drive\/folders\/1c2KfCrOeXJ7GDdxt_WNefqWNHsyug72m\">\n\t\t\t\t\t\t\t<img loading=\"lazy\" decoding=\"async\" width=\"800\" height=\"800\" src=\"https:\/\/afiakwawote.org\/home\/wp-content\/uploads\/2024\/10\/5.png\" class=\"attachment-large size-large wp-image-257\" alt=\"\" srcset=\"https:\/\/afiakwawote.org\/home\/wp-content\/uploads\/2024\/10\/5.png 800w, https:\/\/afiakwawote.org\/home\/wp-content\/uploads\/2024\/10\/5-300x300.png 300w, https:\/\/afiakwawote.org\/home\/wp-content\/uploads\/2024\/10\/5-80x80.png 80w, https:\/\/afiakwawote.org\/home\/wp-content\/uploads\/2024\/10\/5-768x768.png 768w, https:\/\/afiakwawote.org\/home\/wp-content\/uploads\/2024\/10\/5-36x36.png 36w, https:\/\/afiakwawote.org\/home\/wp-content\/uploads\/2024\/10\/5-180x180.png 180w, https:\/\/afiakwawote.org\/home\/wp-content\/uploads\/2024\/10\/5-705x705.png 705w\" sizes=\"(max-width: 800px) 100vw, 800px\" \/>\t\t\t\t\t\t\t\t<\/a>\n\t\t\t\t\t\t\t\t\t\t\t\t\t\t\t<\/div>\n\t\t\t\t<\/div>\n\t\t\t\t<div class=\"elementor-element elementor-element-58d801f elementor-widget elementor-widget-heading\" data-id=\"58d801f\" data-element_type=\"widget\" data-e-type=\"widget\" data-widget_type=\"heading.default\">\n\t\t\t\t<div class=\"elementor-widget-container\">\n\t\t\t\t\t<h2 class=\"elementor-heading-title elementor-size-default\"><a href=\"https:\/\/drive.google.com\/drive\/folders\/1c2KfCrOeXJ7GDdxt_WNefqWNHsyug72m\">Afia Kwa wote Campagne<\/a><\/h2>\t\t\t\t<\/div>\n\t\t\t\t<\/div>\n\t\t\t\t<div class=\"elementor-element elementor-element-ccaa682 elementor-widget elementor-widget-heading\" data-id=\"ccaa682\" data-element_type=\"widget\" data-e-type=\"widget\" data-widget_type=\"heading.default\">\n\t\t\t\t<div class=\"elementor-widget-container\">\n\t\t\t\t\t<h2 class=\"elementor-heading-title elementor-size-default\"><a href=\"https:\/\/afiakwawote.org\/galerie-4\/\">Des orphelins enregistr\u00e9s pour une prise en charge sanitaire gratuite<\/a><\/h2>\t\t\t\t<\/div>\n\t\t\t\t<\/div>\n\t\t\t\t\t<\/div>\n\t\t<\/div>\n\t\t\t\t<div class=\"elementor-column elementor-col-33 elementor-top-column elementor-element elementor-element-e748713 animated-slow elementor-invisible\" data-id=\"e748713\" data-element_type=\"column\" data-e-type=\"column\" data-settings=\"{&quot;background_background&quot;:&quot;classic&quot;,&quot;animation&quot;:&quot;fadeInUp&quot;}\">\n\t\t\t<div class=\"elementor-widget-wrap elementor-element-populated\">\n\t\t\t\t\t\t<div class=\"elementor-element elementor-element-e035ed0 elementor-widget elementor-widget-image\" data-id=\"e035ed0\" data-element_type=\"widget\" data-e-type=\"widget\" data-widget_type=\"image.default\">\n\t\t\t\t<div class=\"elementor-widget-container\">\n\t\t\t\t\t\t\t\t\t\t\t\t\t\t\t\t<a href=\"https:\/\/afiakwawote.org\/home\/galerie-goma\/\">\n\t\t\t\t\t\t\t<img loading=\"lazy\" decoding=\"async\" width=\"1024\" height=\"768\" src=\"https:\/\/afiakwawote.org\/home\/wp-content\/uploads\/2024\/10\/GFgJ8iHW4AAEV_F.jpeg\" class=\"attachment-large size-large wp-image-271\" alt=\"\" srcset=\"https:\/\/afiakwawote.org\/home\/wp-content\/uploads\/2024\/10\/GFgJ8iHW4AAEV_F.jpeg 1024w, https:\/\/afiakwawote.org\/home\/wp-content\/uploads\/2024\/10\/GFgJ8iHW4AAEV_F-300x225.jpeg 300w, https:\/\/afiakwawote.org\/home\/wp-content\/uploads\/2024\/10\/GFgJ8iHW4AAEV_F-768x576.jpeg 768w, https:\/\/afiakwawote.org\/home\/wp-content\/uploads\/2024\/10\/GFgJ8iHW4AAEV_F-705x529.jpeg 705w\" sizes=\"(max-width: 1024px) 100vw, 1024px\" \/>\t\t\t\t\t\t\t\t<\/a>\n\t\t\t\t\t\t\t\t\t\t\t\t\t\t\t<\/div>\n\t\t\t\t<\/div>\n\t\t\t\t<div class=\"elementor-element elementor-element-e88021d elementor-widget elementor-widget-heading\" data-id=\"e88021d\" data-element_type=\"widget\" data-e-type=\"widget\" data-widget_type=\"heading.default\">\n\t\t\t\t<div class=\"elementor-widget-container\">\n\t\t\t\t\t<h2 class=\"elementor-heading-title elementor-size-default\"><a href=\"https:\/\/afiakwawote.org\/home\/galerie-goma\/\">Afia Kwa wote \u00e0 Goma<\/a><\/h2>\t\t\t\t<\/div>\n\t\t\t\t<\/div>\n\t\t\t\t<div class=\"elementor-element elementor-element-7abb42e elementor-widget elementor-widget-heading\" data-id=\"7abb42e\" data-element_type=\"widget\" data-e-type=\"widget\" data-widget_type=\"heading.default\">\n\t\t\t\t<div class=\"elementor-widget-container\">\n\t\t\t\t\t<h2 class=\"elementor-heading-title elementor-size-default\"><a href=\"https:\/\/afiakwawote.org\/home\/galerie-goma\/\">Soutiens aux r\u00e9fugi\u00e9s de Kanyaruchinya <\/a><\/h2>\t\t\t\t<\/div>\n\t\t\t\t<\/div>\n\t\t\t\t\t<\/div>\n\t\t<\/div>\n\t\t\t\t\t<\/div>\n\t\t<\/section>\n\t\t\t\t<\/div>\n\t\t","protected":false},"excerpt":{"rendered":"<p>Afia Kwa Wote en action Afia Kwa Wote \u00e0 Kasavubu Visite des orphelins pour une prise en charge sanitaire Afia Kwa Wote \u00e0 Lizadel Visite \u00e0 l&rsquo;O.N.G.\/D.H. Lizabel Home Roger Moerenhout Afia Kwa Wote \u00e0 Maluku Visite pour la prise en charge sanitaire des orphelins Afia Kwa Wote \u00e0 Cemapar Visite des orphelins pour une [&hellip;]<\/p>\n","protected":false},"author":1,"featured_media":0,"parent":0,"menu_order":0,"comment_status":"closed","ping_status":"closed","template":"","meta":{"footnotes":""},"class_list":["post-39","page","type-page","status-publish","hentry"],"_links":{"self":[{"href":"https:\/\/afiakwawote.org\/home\/wp-json\/wp\/v2\/pages\/39"}],"collection":[{"href":"https:\/\/afiakwawote.org\/home\/wp-json\/wp\/v2\/pages"}],"about":[{"href":"https:\/\/afiakwawote.org\/home\/wp-json\/wp\/v2\/types\/page"}],"author":[{"embeddable":true,"href":"https:\/\/afiakwawote.org\/home\/wp-json\/wp\/v2\/users\/1"}],"replies":[{"embeddable":true,"href":"https:\/\/afiakwawote.org\/home\/wp-json\/wp\/v2\/comments?post=39"}],"version-history":[{"count":10,"href":"https:\/\/afiakwawote.org\/home\/wp-json\/wp\/v2\/pages\/39\/revisions"}],"predecessor-version":[{"id":284,"href":"https:\/\/afiakwawote.org\/home\/wp-json\/wp\/v2\/pages\/39\/revisions\/284"}],"wp:attachment":[{"href":"https:\/\/afiakwawote.org\/home\/wp-json\/wp\/v2\/media?parent=39"}],"curies":[{"name":"wp","href":"https:\/\/api.w.org\/{rel}","templated":true}]}}